{"id":969,"date":"2025-03-07T14:55:07","date_gmt":"2025-03-07T13:55:07","guid":{"rendered":"https:\/\/cequad.fr\/?page_id=969"},"modified":"2025-03-07T15:58:30","modified_gmt":"2025-03-07T14:58:30","slug":"contactez-nous","status":"publish","type":"page","link":"http:\/\/cequad.fr\/index.php\/contactez-nous\/","title":{"rendered":"Contactez-nous"},"content":{"rendered":"\n\n\t<section class=\"section\" id=\"section_1387383380\">\n\t\t<div class=\"section-bg fill\" >\n\t\t\t<img loading=\"lazy\" decoding=\"async\" width=\"2000\" height=\"1333\" src=\"http:\/\/cequad.fr\/wp-content\/uploads\/2025\/03\/Contactez-nous-scaled.jpg\" class=\"bg attachment-original size-original\" alt=\"\" \/>\t\t\t\t\t\t\n\t\t\t\n\n\t\t<\/div>\n\n\t\t\n\n\t\t<div class=\"section-content relative\">\n\t\t\t\n\n<div class=\"row\"  id=\"row-327484066\">\n\n\n\t<div id=\"col-1869063149\" class=\"col small-12 large-12\"  >\n\t\t\t\t<div class=\"col-inner\"  >\n\t\t\t\n\t\t\t\n\n\t<div id=\"text-1279561855\" class=\"text\">\n\t\t\n\n<h1>Contactez-nous<\/h1>\n\t\t\n<style>\n#text-1279561855 {\n  font-size: 1.7rem;\n  text-align: center;\n  color: rgb(255, 255, 255);\n}\n#text-1279561855 > * {\n  color: rgb(255, 255, 255);\n}\n<\/style>\n\t<\/div>\n\t\n\n\t\t<\/div>\n\t\t\t\t\t<\/div>\n\n\t\n\n<\/div>\n\n\t\t<\/div>\n\n\t\t\n<style>\n#section_1387383380 {\n  padding-top: 30px;\n  padding-bottom: 30px;\n  min-height: 500px;\n}\n#section_1387383380 .section-bg img {\n  object-position: 0% 0%;\n}\n<\/style>\n\t<\/section>\n\t\n\n\t<section class=\"section\" id=\"section_1666835903\">\n\t\t<div class=\"section-bg fill\" >\n\t\t\t\t\t\t\t\t\t\n\t\t\t\n\n\t\t<\/div>\n\n\t\t\n\n\t\t<div class=\"section-content relative\">\n\t\t\t\n\n<div class=\"row\"  id=\"row-1579996539\">\n\n\n\t<div id=\"col-490098416\" class=\"col small-12 large-12\"  >\n\t\t\t\t<div class=\"col-inner\"  >\n\t\t\t\n\t\t\t\n\n\t<div id=\"text-4180939541\" class=\"text\">\n\t\t\n\n<p><strong>Une question ? Un projet ? Un besoin sp\u00e9cifique ? Contactez-nous !<\/strong><\/p>\n\t\t\n<style>\n#text-4180939541 {\n  font-size: 1.2rem;\n  text-align: center;\n  color: rgb(0, 0, 0);\n}\n#text-4180939541 > * {\n  color: rgb(0, 0, 0);\n}\n<\/style>\n\t<\/div>\n\t\n\t<div id=\"text-13378939\" class=\"text\">\n\t\t\n\n<h2>Formulaire de contact<\/h2>\n\t\t\n<style>\n#text-13378939 {\n  color: rgb(0,0,0);\n}\n#text-13378939 > * {\n  color: rgb(0,0,0);\n}\n<\/style>\n\t<\/div>\n\t\n\n<div class=\"wpcf7 no-js\" id=\"wpcf7-f22-o1\" lang=\"fr-FR\" dir=\"ltr\" data-wpcf7-id=\"22\">\n<div class=\"screen-reader-response\"><p role=\"status\" aria-live=\"polite\" aria-atomic=\"true\"><\/p> <ul><\/ul><\/div>\n<form action=\"\/index.php\/wp-json\/wp\/v2\/pages\/969#wpcf7-f22-o1\" method=\"post\" class=\"wpcf7-form init\" aria-label=\"Formulaire de contact\" enctype=\"multipart\/form-data\" novalidate=\"novalidate\" data-status=\"init\">\n<fieldset class=\"hidden-fields-container\"><input type=\"hidden\" name=\"_wpcf7\" value=\"22\" \/><input type=\"hidden\" name=\"_wpcf7_version\" value=\"6.1.5\" \/><input type=\"hidden\" name=\"_wpcf7_locale\" value=\"fr_FR\" \/><input type=\"hidden\" name=\"_wpcf7_unit_tag\" value=\"wpcf7-f22-o1\" \/><input type=\"hidden\" name=\"_wpcf7_container_post\" value=\"0\" \/><input type=\"hidden\" name=\"_wpcf7_posted_data_hash\" value=\"\" \/>\n<\/fieldset>\n<div class=\"uacf7-form-wrapper-container uacf7-form-22  \"><label><span class=\"label-input\">Nom<\/span><span class=\"wpcf7-form-control-wrap\" data-name=\"your-name\"><input size=\"40\" maxlength=\"400\" class=\"wpcf7-form-control wpcf7-text wpcf7-validates-as-required\" aria-required=\"true\" aria-invalid=\"false\" value=\"\" type=\"text\" name=\"your-name\" \/><\/span><\/label>\n<label><span class=\"label-input\">Pr\u00e9nom<\/pan> <span class=\"wpcf7-form-control-wrap\" data-name=\"Prenom\"><input size=\"40\" maxlength=\"400\" class=\"wpcf7-form-control wpcf7-text wpcf7-validates-as-required\" aria-required=\"true\" aria-invalid=\"false\" value=\"\" type=\"text\" name=\"Prenom\" \/><\/span><\/label>\n<label><span class=\"label-input\">Soci\u00e9t\u00e9<\/span><span class=\"wpcf7-form-control-wrap\" data-name=\"Societe\"><input size=\"40\" maxlength=\"400\" class=\"wpcf7-form-control wpcf7-text wpcf7-validates-as-required\" aria-required=\"true\" aria-invalid=\"false\" value=\"\" type=\"text\" name=\"Societe\" \/><\/span><\/label>\n<label><span class=\"label-input\">T\u00e9l\u00e9phone<\/span><span class=\"wpcf7-form-control-wrap\" data-name=\"tel-845\"><input size=\"40\" maxlength=\"400\" class=\"wpcf7-form-control wpcf7-tel wpcf7-validates-as-required wpcf7-text wpcf7-validates-as-tel\" aria-required=\"true\" aria-invalid=\"false\" value=\"\" type=\"tel\" name=\"tel-845\" \/><\/span><\/label>\n<label><span class=\"label-input\">Email<\/span><span class=\"wpcf7-form-control-wrap\" data-name=\"your-email\"><input size=\"40\" maxlength=\"400\" class=\"wpcf7-form-control wpcf7-email wpcf7-validates-as-required wpcf7-text wpcf7-validates-as-email\" aria-required=\"true\" aria-invalid=\"false\" value=\"\" type=\"email\" name=\"your-email\" \/><\/span> <\/label>\n<label><span class=\"label-input\">Objet<\/span><span class=\"wpcf7-form-control-wrap\" data-name=\"Objet\"><input size=\"40\" maxlength=\"400\" class=\"wpcf7-form-control wpcf7-text wpcf7-validates-as-required\" aria-required=\"true\" aria-invalid=\"false\" placeholder=\"\" value=\"\" type=\"text\" name=\"Objet\" \/><\/span><\/label>\n\n<div>\n<label><span class=\"label-input\">Joindre un fichier<\/span><span class=\"wpcf7-form-control-wrap\" data-name=\"file-740\"><input size=\"40\" class=\"wpcf7-form-control wpcf7-file\" accept=\".pdf,.jpeg,.doc,.docx\" aria-invalid=\"false\" type=\"file\" name=\"file-740\" \/><\/span><\/label><\/div>\n<div class=\"cf7-cf-turnstile\" style=\"margin-top: 0px; margin-bottom: -15px;\"> <div id=\"cf-turnstile-cf7-729064309\" class=\"cf-turnstile\" data-sitekey=\"0x4AAAAAABhhaDpwo35Ul2u0\" data-theme=\"auto\" data-language=\"auto\" data-size=\"normal\" data-retry=\"auto\" data-retry-interval=\"1000\" data-refresh-expired=\"auto\" data-action=\"contact-form-7\" data-appearance=\"always\"><\/div> <script>document.addEventListener(\"DOMContentLoaded\", function() { setTimeout(function(){ var e=document.getElementById(\"cf-turnstile-cf7-729064309\"); e&&!e.innerHTML.trim()&&(turnstile.remove(\"#cf-turnstile-cf7-729064309\"), turnstile.render(\"#cf-turnstile-cf7-729064309\", {sitekey:\"0x4AAAAAABhhaDpwo35Ul2u0\"})); }, 100); });<\/script> <br class=\"cf-turnstile-br cf-turnstile-br-cf7-729064309\"> <style>#cf-turnstile-cf7-729064309 { margin-left: -15px; }<\/style> <script>document.addEventListener(\"DOMContentLoaded\",function(){document.querySelectorAll('.wpcf7-form').forEach(function(e){e.addEventListener('submit',function(){if(document.getElementById('cf-turnstile-cf7-729064309')){setTimeout(function(){turnstile.reset('#cf-turnstile-cf7-729064309');},1000)}})})});<\/script> <\/div>\n<input class=\"wpcf7-form-control wpcf7-submit has-spinner\" type=\"submit\" value=\"Envoyer\" \/>\n\n<div class=\"postscriptum\"><span class=\"wpcf7-form-control-wrap\" data-name=\"checkbox-23\"><span class=\"wpcf7-form-control wpcf7-checkbox checkbox-spe\"><span class=\"wpcf7-list-item first last\"><input type=\"checkbox\" name=\"checkbox-23[]\" value=\"En soumettant ce formulaire, j&#039;accepte que les informations saisies soient exploit\u00e9es dans le cadre de la demande de devis et de la relation commerciale qui peut en d\u00e9couler.\" \/><span class=\"wpcf7-list-item-label\">En soumettant ce formulaire, j&#039;accepte que les informations saisies soient exploit\u00e9es dans le cadre de la demande de devis et de la relation commerciale qui peut en d\u00e9couler.<\/span><\/span><\/span><\/span><\/div>\n<\/div><\/div><input type='hidden' class='wpcf7-pum' value='{\"closepopup\":false,\"closedelay\":0,\"openpopup\":false,\"openpopup_id\":0}' \/><div class=\"wpcf7-response-output\" aria-hidden=\"true\"><\/div>\n<\/form>\n<\/div>\n\n\n\n\t\t<\/div>\n\t\t\t\t\t<\/div>\n\n\t\n\n<\/div>\n\n\t\t<\/div>\n\n\t\t\n<style>\n#section_1666835903 {\n  padding-top: 30px;\n  padding-bottom: 30px;\n}\n<\/style>\n\t<\/section>\n\t\n\n","protected":false},"excerpt":{"rendered":"","protected":false},"author":5,"featured_media":0,"parent":0,"menu_order":0,"comment_status":"closed","ping_status":"closed","template":"","meta":{"footnotes":""},"class_list":["post-969","page","type-page","status-publish","hentry"],"yoast_head":"<!-- This site is optimized with the Yoast SEO plugin v27.1.1 - https:\/\/yoast.com\/product\/yoast-seo-wordpress\/ -->\n<title>Contactez-nous - Cequad<\/title>\n<meta name=\"robots\" content=\"index, follow, max-snippet:-1, max-image-preview:large, max-video-preview:-1\" \/>\n<link rel=\"canonical\" href=\"http:\/\/cequad.fr\/index.php\/contactez-nous\/\" \/>\n<meta property=\"og:locale\" content=\"fr_FR\" \/>\n<meta property=\"og:type\" content=\"article\" \/>\n<meta property=\"og:title\" content=\"Contactez-nous - Cequad\" \/>\n<meta property=\"og:url\" content=\"http:\/\/cequad.fr\/index.php\/contactez-nous\/\" \/>\n<meta property=\"og:site_name\" content=\"Cequad\" \/>\n<meta property=\"article:modified_time\" content=\"2025-03-07T14:58:30+00:00\" \/>\n<meta property=\"og:image\" content=\"http:\/\/cequad.fr\/wp-content\/uploads\/2023\/06\/Logo-Cequad-icon-blanc-casse-rouge.png\" \/>\n\t<meta property=\"og:image:width\" content=\"975\" \/>\n\t<meta property=\"og:image:height\" content=\"321\" \/>\n\t<meta property=\"og:image:type\" content=\"image\/png\" \/>\n<meta name=\"twitter:card\" content=\"summary_large_image\" \/>\n<meta name=\"twitter:label1\" content=\"Dur\u00e9e de lecture estim\u00e9e\" \/>\n\t<meta name=\"twitter:data1\" content=\"1 minute\" \/>\n<script type=\"application\/ld+json\" class=\"yoast-schema-graph\">{\"@context\":\"https:\/\/schema.org\",\"@graph\":[{\"@type\":\"WebPage\",\"@id\":\"http:\/\/cequad.fr\/index.php\/contactez-nous\/\",\"url\":\"http:\/\/cequad.fr\/index.php\/contactez-nous\/\",\"name\":\"Contactez-nous - Cequad\",\"isPartOf\":{\"@id\":\"https:\/\/cequad.fr\/#website\"},\"datePublished\":\"2025-03-07T13:55:07+00:00\",\"dateModified\":\"2025-03-07T14:58:30+00:00\",\"breadcrumb\":{\"@id\":\"http:\/\/cequad.fr\/index.php\/contactez-nous\/#breadcrumb\"},\"inLanguage\":\"fr-FR\",\"potentialAction\":[{\"@type\":\"ReadAction\",\"target\":[\"http:\/\/cequad.fr\/index.php\/contactez-nous\/\"]}]},{\"@type\":\"BreadcrumbList\",\"@id\":\"http:\/\/cequad.fr\/index.php\/contactez-nous\/#breadcrumb\",\"itemListElement\":[{\"@type\":\"ListItem\",\"position\":1,\"name\":\"Accueil\",\"item\":\"https:\/\/cequad.fr\/\"},{\"@type\":\"ListItem\",\"position\":2,\"name\":\"Contactez-nous\"}]},{\"@type\":\"WebSite\",\"@id\":\"https:\/\/cequad.fr\/#website\",\"url\":\"https:\/\/cequad.fr\/\",\"name\":\"Cequad\",\"description\":\"Sp\u00e9cialiste des cartes et syst\u00e8mes \u00e9lectroniques et \u00e9lectrotechniques\",\"publisher\":{\"@id\":\"https:\/\/cequad.fr\/#organization\"},\"alternateName\":\"Cequad - Sp\u00e9cialiste des cartes et syst\u00e8mes \u00e9lectroniques et \u00e9lectrotechniques\",\"potentialAction\":[{\"@type\":\"SearchAction\",\"target\":{\"@type\":\"EntryPoint\",\"urlTemplate\":\"https:\/\/cequad.fr\/?s={search_term_string}\"},\"query-input\":{\"@type\":\"PropertyValueSpecification\",\"valueRequired\":true,\"valueName\":\"search_term_string\"}}],\"inLanguage\":\"fr-FR\"},{\"@type\":\"Organization\",\"@id\":\"https:\/\/cequad.fr\/#organization\",\"name\":\"Cequad\",\"url\":\"https:\/\/cequad.fr\/\",\"logo\":{\"@type\":\"ImageObject\",\"inLanguage\":\"fr-FR\",\"@id\":\"https:\/\/cequad.fr\/#\/schema\/logo\/image\/\",\"url\":\"http:\/\/cequad.fr\/wp-content\/uploads\/2023\/06\/Logo-Cequad-icon-blanc-casse-rouge.png\",\"contentUrl\":\"http:\/\/cequad.fr\/wp-content\/uploads\/2023\/06\/Logo-Cequad-icon-blanc-casse-rouge.png\",\"width\":975,\"height\":321,\"caption\":\"Cequad\"},\"image\":{\"@id\":\"https:\/\/cequad.fr\/#\/schema\/logo\/image\/\"}}]}<\/script>\n<!-- \/ Yoast SEO plugin. -->","yoast_head_json":{"title":"Contactez-nous - Cequad","robots":{"index":"index","follow":"follow","max-snippet":"max-snippet:-1","max-image-preview":"max-image-preview:large","max-video-preview":"max-video-preview:-1"},"canonical":"http:\/\/cequad.fr\/index.php\/contactez-nous\/","og_locale":"fr_FR","og_type":"article","og_title":"Contactez-nous - Cequad","og_url":"http:\/\/cequad.fr\/index.php\/contactez-nous\/","og_site_name":"Cequad","article_modified_time":"2025-03-07T14:58:30+00:00","og_image":[{"width":975,"height":321,"url":"http:\/\/cequad.fr\/wp-content\/uploads\/2023\/06\/Logo-Cequad-icon-blanc-casse-rouge.png","type":"image\/png"}],"twitter_card":"summary_large_image","twitter_misc":{"Dur\u00e9e de lecture estim\u00e9e":"1 minute"},"schema":{"@context":"https:\/\/schema.org","@graph":[{"@type":"WebPage","@id":"http:\/\/cequad.fr\/index.php\/contactez-nous\/","url":"http:\/\/cequad.fr\/index.php\/contactez-nous\/","name":"Contactez-nous - Cequad","isPartOf":{"@id":"https:\/\/cequad.fr\/#website"},"datePublished":"2025-03-07T13:55:07+00:00","dateModified":"2025-03-07T14:58:30+00:00","breadcrumb":{"@id":"http:\/\/cequad.fr\/index.php\/contactez-nous\/#breadcrumb"},"inLanguage":"fr-FR","potentialAction":[{"@type":"ReadAction","target":["http:\/\/cequad.fr\/index.php\/contactez-nous\/"]}]},{"@type":"BreadcrumbList","@id":"http:\/\/cequad.fr\/index.php\/contactez-nous\/#breadcrumb","itemListElement":[{"@type":"ListItem","position":1,"name":"Accueil","item":"https:\/\/cequad.fr\/"},{"@type":"ListItem","position":2,"name":"Contactez-nous"}]},{"@type":"WebSite","@id":"https:\/\/cequad.fr\/#website","url":"https:\/\/cequad.fr\/","name":"Cequad","description":"Sp\u00e9cialiste des cartes et syst\u00e8mes \u00e9lectroniques et \u00e9lectrotechniques","publisher":{"@id":"https:\/\/cequad.fr\/#organization"},"alternateName":"Cequad - Sp\u00e9cialiste des cartes et syst\u00e8mes \u00e9lectroniques et \u00e9lectrotechniques","potentialAction":[{"@type":"SearchAction","target":{"@type":"EntryPoint","urlTemplate":"https:\/\/cequad.fr\/?s={search_term_string}"},"query-input":{"@type":"PropertyValueSpecification","valueRequired":true,"valueName":"search_term_string"}}],"inLanguage":"fr-FR"},{"@type":"Organization","@id":"https:\/\/cequad.fr\/#organization","name":"Cequad","url":"https:\/\/cequad.fr\/","logo":{"@type":"ImageObject","inLanguage":"fr-FR","@id":"https:\/\/cequad.fr\/#\/schema\/logo\/image\/","url":"http:\/\/cequad.fr\/wp-content\/uploads\/2023\/06\/Logo-Cequad-icon-blanc-casse-rouge.png","contentUrl":"http:\/\/cequad.fr\/wp-content\/uploads\/2023\/06\/Logo-Cequad-icon-blanc-casse-rouge.png","width":975,"height":321,"caption":"Cequad"},"image":{"@id":"https:\/\/cequad.fr\/#\/schema\/logo\/image\/"}}]}},"_links":{"self":[{"href":"http:\/\/cequad.fr\/index.php\/wp-json\/wp\/v2\/pages\/969","targetHints":{"allow":["GET"]}}],"collection":[{"href":"http:\/\/cequad.fr\/index.php\/wp-json\/wp\/v2\/pages"}],"about":[{"href":"http:\/\/cequad.fr\/index.php\/wp-json\/wp\/v2\/types\/page"}],"author":[{"embeddable":true,"href":"http:\/\/cequad.fr\/index.php\/wp-json\/wp\/v2\/users\/5"}],"replies":[{"embeddable":true,"href":"http:\/\/cequad.fr\/index.php\/wp-json\/wp\/v2\/comments?post=969"}],"version-history":[{"count":5,"href":"http:\/\/cequad.fr\/index.php\/wp-json\/wp\/v2\/pages\/969\/revisions"}],"predecessor-version":[{"id":978,"href":"http:\/\/cequad.fr\/index.php\/wp-json\/wp\/v2\/pages\/969\/revisions\/978"}],"wp:attachment":[{"href":"http:\/\/cequad.fr\/index.php\/wp-json\/wp\/v2\/media?parent=969"}],"curies":[{"name":"wp","href":"https:\/\/api.w.org\/{rel}","templated":true}]}}