{"id":447,"date":"2023-05-03T15:30:38","date_gmt":"2023-05-03T13:30:38","guid":{"rendered":"https:\/\/cequad.fr\/?page_id=447"},"modified":"2025-05-26T16:21:07","modified_gmt":"2025-05-26T14:21:07","slug":"nos-marches","status":"publish","type":"page","link":"https:\/\/cequad.fr\/index.php\/nos-marches\/","title":{"rendered":"Nos March\u00e9s"},"content":{"rendered":"\n\n\t<section class=\"section has-parallax\" id=\"section_1532806138\">\n\t\t<div class=\"section-bg fill\" data-parallax-container=\".section\" data-parallax-background data-parallax=\"-7\">\n\t\t\t<img loading=\"lazy\" decoding=\"async\" width=\"2000\" height=\"1121\" src=\"https:\/\/cequad.fr\/wp-content\/uploads\/2023\/12\/AdobeStock_636471642-scaled.jpeg\" class=\"bg attachment-original size-original\" alt=\"Nos march\u00e9s - Cequad - Groupe Zekat\" \/>\t\t\t\t\t\t<div class=\"section-bg-overlay absolute fill\"><\/div>\n\t\t\t\n\n\t\t<\/div>\n\n\t\t\n\n\t\t<div class=\"section-content relative\">\n\t\t\t\n\n<div class=\"row\"  id=\"row-252866766\">\n\n\n\t<div id=\"col-1819786401\" class=\"col small-12 large-12\"  >\n\t\t\t\t<div class=\"col-inner\"  >\n\t\t\t\n\t\t\t\n\n\t<div id=\"text-3205857577\" class=\"text\">\n\t\t\n\n<h1>March\u00e9s<\/h1>\n\t\t\n<style>\n#text-3205857577 {\n  font-size: 1.7rem;\n  text-align: center;\n  color: rgb(255,255,255);\n}\n#text-3205857577 > * {\n  color: rgb(255,255,255);\n}\n<\/style>\n\t<\/div>\n\t\n\n\t\t<\/div>\n\t\t\t\t\t<\/div>\n\n\t\n\n<\/div>\n\n\t\t<\/div>\n\n\t\t\n<style>\n#section_1532806138 {\n  padding-top: 30px;\n  padding-bottom: 30px;\n  min-height: 350px;\n}\n#section_1532806138 .section-bg-overlay {\n  background-color: rgba(0, 0, 0, 0.273);\n}\n#section_1532806138 .section-bg img {\n  object-position: 21% 100%;\n}\n@media (min-width:550px) {\n  #section_1532806138 {\n    min-height: 450px;\n  }\n}\n@media (min-width:850px) {\n  #section_1532806138 {\n    min-height: 500px;\n  }\n}\n<\/style>\n\t<\/section>\n\t\n\n\t<section class=\"section\" id=\"section_341464054\">\n\t\t<div class=\"section-bg fill\" >\n\t\t\t\t\t\t\t\t\t\n\t\t\t\n\n\t\t<\/div>\n\n\t\t\n\n\t\t<div class=\"section-content relative\">\n\t\t\t\n\n<div class=\"row align-middle align-center\"  id=\"row-1277520054\">\n\n\n\t<div id=\"col-457994697\" class=\"col small-12 large-12\"  >\n\t\t\t\t<div class=\"col-inner\"  >\n\t\t\t\n\t\t\t\n\n\t<div id=\"text-3158581299\" class=\"text\">\n\t\t\n\n<h2>Chez CEQUAD, nous nous engageons \u00e0 fournir des solutions \u00e9lectroniques de haute technologie.&nbsp; Notre expertise s&rsquo;\u00e9tend \u00e0 une vari\u00e9t\u00e9 de secteurs d&rsquo;activit\u00e9s, o\u00f9 nous apportons innovation, qualit\u00e9 et fiabilit\u00e9.<\/h2>\n\t\t\n<style>\n#text-3158581299 {\n  line-height: 1.15;\n}\n<\/style>\n\t<\/div>\n\t\n\n\t\t<\/div>\n\t\t\t\t\t<\/div>\n\n\t\n\n<\/div>\n\n\t\t<\/div>\n\n\t\t\n<style>\n#section_341464054 {\n  padding-top: 30px;\n  padding-bottom: 30px;\n  background-color: rgb(239, 239, 239);\n}\n<\/style>\n\t<\/section>\n\t\n\n\t<section class=\"section\" id=\"section_1041281218\">\n\t\t<div class=\"section-bg fill\" >\n\t\t\t\t\t\t\t\t\t\n\t\t\t\n\n\t\t<\/div>\n\n\t\t\n\n\t\t<div class=\"section-content relative\">\n\t\t\t\n\n<div class=\"row align-middle align-center\"  id=\"row-2081072717\">\n\n\n\t<div id=\"col-1842736365\" class=\"col small-12 large-12\"  >\n\t\t\t\t<div class=\"col-inner\"  >\n\t\t\t\n\t\t\t\n\n\t<div id=\"text-1713788897\" class=\"text\">\n\t\t\n\n<h3>Expertise \u00c9lectronique au Service de Vos Besoins<\/h3>\n<p>Nous sommes fiers d&rsquo;offrir des solutions \u00e9lectroniques de haute technologie adapt\u00e9es \u00e0 divers secteurs, garantissant une performance exceptionnelle et une satisfaction client maximale.<\/p>\n\t\t\n<style>\n#text-1713788897 {\n  line-height: 1.15;\n}\n<\/style>\n\t<\/div>\n\t\n\n\t\t<\/div>\n\t\t\t\t\t<\/div>\n\n\t\n\n<\/div>\n<div class=\"row row-box-shadow-3 row-box-shadow-5-hover\"  id=\"row-1852475341\">\n\n\n\t<div id=\"col-1254326264\" class=\"col medium-4 small-12 large-4\"  >\n\t\t\t\t<div class=\"col-inner\"  >\n\t\t\t\n\t\t\t\n\n\t<div class=\"box has-hover   has-hover box-text-bottom\" >\n\n\t\t<div class=\"box-image\" >\n\t\t\t\t\t\t<div class=\"\" >\n\t\t\t\t<img loading=\"lazy\" decoding=\"async\" width=\"1280\" height=\"853\" src=\"https:\/\/cequad.fr\/wp-content\/uploads\/2023\/12\/Aeronautique.1.jpg\" class=\"attachment- size-\" alt=\"A\u00e9ronautique - Nos March\u00e9s - Cequad - Groupe Zekat\" srcset=\"https:\/\/cequad.fr\/wp-content\/uploads\/2023\/12\/Aeronautique.1.jpg 1280w, https:\/\/cequad.fr\/wp-content\/uploads\/2023\/12\/Aeronautique.1-300x200.jpg 300w, https:\/\/cequad.fr\/wp-content\/uploads\/2023\/12\/Aeronautique.1-1024x682.jpg 1024w, https:\/\/cequad.fr\/wp-content\/uploads\/2023\/12\/Aeronautique.1-768x512.jpg 768w\" sizes=\"auto, (max-width: 1280px) 100vw, 1280px\" \/>\t\t\t\t\t\t\t\t\t\t\t<\/div>\n\t\t\t\t\t<\/div>\n\n\t\t<div class=\"box-text text-center\" >\n\t\t\t<div class=\"box-text-inner\">\n\t\t\t\t\n\n<h4>A\u00e9ronautique<\/h4>\n\n\t\t\t<\/div>\n\t\t<\/div>\n\t<\/div>\n\t\n\n\t\t<\/div>\n\t\t\t\t\t<\/div>\n\n\t\n\n\t<div id=\"col-1961830336\" class=\"col medium-4 small-12 large-4\"  >\n\t\t\t\t<div class=\"col-inner\"  >\n\t\t\t\n\t\t\t\n\n\t<div class=\"box has-hover   has-hover box-text-bottom\" >\n\n\t\t<div class=\"box-image\" >\n\t\t\t\t\t\t<div class=\"\" >\n\t\t\t\t<img loading=\"lazy\" decoding=\"async\" width=\"1920\" height=\"1280\" src=\"https:\/\/cequad.fr\/wp-content\/uploads\/2023\/12\/Ferroviaire.jpg\" class=\"attachment- size-\" alt=\"Ferroviaire - Nos March\u00e9s - Cequad - Groupe ZeKat\" srcset=\"https:\/\/cequad.fr\/wp-content\/uploads\/2023\/12\/Ferroviaire.jpg 1920w, https:\/\/cequad.fr\/wp-content\/uploads\/2023\/12\/Ferroviaire-300x200.jpg 300w, https:\/\/cequad.fr\/wp-content\/uploads\/2023\/12\/Ferroviaire-1024x683.jpg 1024w, https:\/\/cequad.fr\/wp-content\/uploads\/2023\/12\/Ferroviaire-768x512.jpg 768w, https:\/\/cequad.fr\/wp-content\/uploads\/2023\/12\/Ferroviaire-1536x1024.jpg 1536w\" sizes=\"auto, (max-width: 1920px) 100vw, 1920px\" \/>\t\t\t\t\t\t\t\t\t\t\t<\/div>\n\t\t\t\t\t<\/div>\n\n\t\t<div class=\"box-text text-center\" >\n\t\t\t<div class=\"box-text-inner\">\n\t\t\t\t\n\n<h4>Ferroviaire<\/h4>\n\n\t\t\t<\/div>\n\t\t<\/div>\n\t<\/div>\n\t\n\n\t\t<\/div>\n\t\t\t\t\t<\/div>\n\n\t\n\n\t<div id=\"col-338792688\" class=\"col medium-4 small-12 large-4\"  >\n\t\t\t\t<div class=\"col-inner\"  >\n\t\t\t\n\t\t\t\n\n\t<div class=\"box has-hover   has-hover box-text-bottom\" >\n\n\t\t<div class=\"box-image\" >\n\t\t\t\t\t\t<div class=\"\" >\n\t\t\t\t<img loading=\"lazy\" decoding=\"async\" width=\"612\" height=\"408\" src=\"https:\/\/cequad.fr\/wp-content\/uploads\/2023\/12\/Industrie.jpg\" class=\"attachment- size-\" alt=\"Industrie - Nos March\u00e9s - Cequad - Groupe Zekat\" srcset=\"https:\/\/cequad.fr\/wp-content\/uploads\/2023\/12\/Industrie.jpg 612w, https:\/\/cequad.fr\/wp-content\/uploads\/2023\/12\/Industrie-300x200.jpg 300w\" sizes=\"auto, (max-width: 612px) 100vw, 612px\" \/>\t\t\t\t\t\t\t\t\t\t\t<\/div>\n\t\t\t\t\t<\/div>\n\n\t\t<div class=\"box-text text-center\" >\n\t\t\t<div class=\"box-text-inner\">\n\t\t\t\t\n\n<h4>Industries<\/h4>\n\n\t\t\t<\/div>\n\t\t<\/div>\n\t<\/div>\n\t\n\n\t\t<\/div>\n\t\t\t\t\t<\/div>\n\n\t\n\n<\/div>\n<div class=\"row row-box-shadow-3 row-box-shadow-5-hover\"  id=\"row-1489817577\">\n\n\n\t<div id=\"col-1883163173\" class=\"col medium-4 small-12 large-4\"  >\n\t\t\t\t<div class=\"col-inner\"  >\n\t\t\t\n\t\t\t\n\n\t<div class=\"box has-hover   has-hover box-text-bottom\" >\n\n\t\t<div class=\"box-image\" >\n\t\t\t\t\t\t<div class=\"\" >\n\t\t\t\t<img loading=\"lazy\" decoding=\"async\" width=\"2000\" height=\"1333\" src=\"https:\/\/cequad.fr\/wp-content\/uploads\/2023\/12\/Agriculture-agro-scaled.jpg\" class=\"attachment- size-\" alt=\"Agroalimentaire \u2013 Agriculture - Nos March\u00e9s - Cequad - Groupe Zekat\" srcset=\"https:\/\/cequad.fr\/wp-content\/uploads\/2023\/12\/Agriculture-agro-scaled.jpg 2000w, https:\/\/cequad.fr\/wp-content\/uploads\/2023\/12\/Agriculture-agro-300x200.jpg 300w, https:\/\/cequad.fr\/wp-content\/uploads\/2023\/12\/Agriculture-agro-1024x683.jpg 1024w, https:\/\/cequad.fr\/wp-content\/uploads\/2023\/12\/Agriculture-agro-768x512.jpg 768w, https:\/\/cequad.fr\/wp-content\/uploads\/2023\/12\/Agriculture-agro-1536x1024.jpg 1536w, https:\/\/cequad.fr\/wp-content\/uploads\/2023\/12\/Agriculture-agro-2048x1365.jpg 2048w\" sizes=\"auto, (max-width: 2000px) 100vw, 2000px\" \/>\t\t\t\t\t\t\t\t\t\t\t<\/div>\n\t\t\t\t\t<\/div>\n\n\t\t<div class=\"box-text text-center\" >\n\t\t\t<div class=\"box-text-inner\">\n\t\t\t\t\n\n<h4>Agroalimentaire &#8211; Agriculture<\/h4>\n\n\t\t\t<\/div>\n\t\t<\/div>\n\t<\/div>\n\t\n\n\t\t<\/div>\n\t\t\t\t\t<\/div>\n\n\t\n\n\t<div id=\"col-513720833\" class=\"col medium-4 small-12 large-4\"  >\n\t\t\t\t<div class=\"col-inner\"  >\n\t\t\t\n\t\t\t\n\n\t<div class=\"box has-hover   has-hover box-text-bottom\" >\n\n\t\t<div class=\"box-image\" >\n\t\t\t\t\t\t<div class=\"\" >\n\t\t\t\t<img loading=\"lazy\" decoding=\"async\" width=\"2000\" height=\"1333\" src=\"https:\/\/cequad.fr\/wp-content\/uploads\/2023\/12\/Defense-Securite.1-retouchee-scaled.jpg\" class=\"attachment- size-\" alt=\"D\u00e9fense-S\u00e9curit\u00e9 - Nos March\u00e9s - Cequad - Groupe Zekat\" srcset=\"https:\/\/cequad.fr\/wp-content\/uploads\/2023\/12\/Defense-Securite.1-retouchee-scaled.jpg 2000w, https:\/\/cequad.fr\/wp-content\/uploads\/2023\/12\/Defense-Securite.1-retouchee-300x200.jpg 300w, https:\/\/cequad.fr\/wp-content\/uploads\/2023\/12\/Defense-Securite.1-retouchee-1024x683.jpg 1024w, https:\/\/cequad.fr\/wp-content\/uploads\/2023\/12\/Defense-Securite.1-retouchee-768x512.jpg 768w, https:\/\/cequad.fr\/wp-content\/uploads\/2023\/12\/Defense-Securite.1-retouchee-1536x1024.jpg 1536w, https:\/\/cequad.fr\/wp-content\/uploads\/2023\/12\/Defense-Securite.1-retouchee-2048x1365.jpg 2048w\" sizes=\"auto, (max-width: 2000px) 100vw, 2000px\" \/>\t\t\t\t\t\t\t\t\t\t\t<\/div>\n\t\t\t\t\t<\/div>\n\n\t\t<div class=\"box-text text-center\" >\n\t\t\t<div class=\"box-text-inner\">\n\t\t\t\t\n\n<h4>D\u00e9fense &#8211; S\u00e9curit\u00e9<\/h4>\n\n\t\t\t<\/div>\n\t\t<\/div>\n\t<\/div>\n\t\n\n\t\t<\/div>\n\t\t\t\t\t<\/div>\n\n\t\n\n\t<div id=\"col-447753395\" class=\"col medium-4 small-12 large-4\"  >\n\t\t\t\t<div class=\"col-inner\"  >\n\t\t\t\n\t\t\t\n\n\t<div class=\"box has-hover   has-hover box-text-bottom\" >\n\n\t\t<div class=\"box-image\" >\n\t\t\t\t\t\t<div class=\"\" >\n\t\t\t\t<img loading=\"lazy\" decoding=\"async\" width=\"2000\" height=\"1334\" src=\"https:\/\/cequad.fr\/wp-content\/uploads\/2023\/12\/Communication-IoT-scaled.jpg\" class=\"attachment- size-\" alt=\"Communication \u2013 IoT- Nos March\u00e9s - Cequad - Groupe ZeKat\" srcset=\"https:\/\/cequad.fr\/wp-content\/uploads\/2023\/12\/Communication-IoT-scaled.jpg 2000w, https:\/\/cequad.fr\/wp-content\/uploads\/2023\/12\/Communication-IoT-300x200.jpg 300w, https:\/\/cequad.fr\/wp-content\/uploads\/2023\/12\/Communication-IoT-1024x683.jpg 1024w, https:\/\/cequad.fr\/wp-content\/uploads\/2023\/12\/Communication-IoT-768x512.jpg 768w, https:\/\/cequad.fr\/wp-content\/uploads\/2023\/12\/Communication-IoT-1536x1024.jpg 1536w, https:\/\/cequad.fr\/wp-content\/uploads\/2023\/12\/Communication-IoT-2048x1366.jpg 2048w\" sizes=\"auto, (max-width: 2000px) 100vw, 2000px\" \/>\t\t\t\t\t\t\t\t\t\t\t<\/div>\n\t\t\t\t\t<\/div>\n\n\t\t<div class=\"box-text text-center\" >\n\t\t\t<div class=\"box-text-inner\">\n\t\t\t\t\n\n<h4>Communication &#8211; IoT<\/h4>\n\n\t\t\t<\/div>\n\t\t<\/div>\n\t<\/div>\n\t\n\n\t\t<\/div>\n\t\t\t\t\t<\/div>\n\n\t\n\n<\/div>\n<div class=\"row\"  id=\"row-649081202\">\n\n\n\t<div id=\"col-1239707029\" class=\"col medium-4 small-12 large-4\"  >\n\t\t\t\t<div class=\"col-inner\"  >\n\t\t\t\n\t\t\t\n\n\n\t\t<\/div>\n\t\t\t\t\t<\/div>\n\n\t\n\n\t<div id=\"col-353842001\" class=\"col medium-4 small-12 large-4\"  >\n\t\t\t\t<div class=\"col-inner\"  >\n\t\t\t\n\t\t\t\n\n\t<div class=\"box has-hover   has-hover box-text-bottom\" >\n\n\t\t<div class=\"box-image\" >\n\t\t\t\t\t\t<div class=\"\" >\n\t\t\t\t<img loading=\"lazy\" decoding=\"async\" width=\"2000\" height=\"1333\" src=\"https:\/\/cequad.fr\/wp-content\/uploads\/2023\/12\/Energies-renouvelables-scaled.jpg\" class=\"attachment- size-\" alt=\"Energies renouvelables - Nos March\u00e9s - Cequad - Groupe Zekat\" srcset=\"https:\/\/cequad.fr\/wp-content\/uploads\/2023\/12\/Energies-renouvelables-scaled.jpg 2000w, https:\/\/cequad.fr\/wp-content\/uploads\/2023\/12\/Energies-renouvelables-300x200.jpg 300w, https:\/\/cequad.fr\/wp-content\/uploads\/2023\/12\/Energies-renouvelables-1024x683.jpg 1024w, https:\/\/cequad.fr\/wp-content\/uploads\/2023\/12\/Energies-renouvelables-768x512.jpg 768w, https:\/\/cequad.fr\/wp-content\/uploads\/2023\/12\/Energies-renouvelables-1536x1024.jpg 1536w, https:\/\/cequad.fr\/wp-content\/uploads\/2023\/12\/Energies-renouvelables-2048x1365.jpg 2048w\" sizes=\"auto, (max-width: 2000px) 100vw, 2000px\" \/>\t\t\t\t\t\t\t\t\t\t\t<\/div>\n\t\t\t\t\t<\/div>\n\n\t\t<div class=\"box-text text-center\" >\n\t\t\t<div class=\"box-text-inner\">\n\t\t\t\t\n\n<h4>\u00c9nergies<\/h4>\n\n\t\t\t<\/div>\n\t\t<\/div>\n\t<\/div>\n\t\n\n\t\t<\/div>\n\t\t\t\t\t<\/div>\n\n\t\n\n\t<div id=\"col-823002087\" class=\"col medium-4 small-12 large-4\"  >\n\t\t\t\t<div class=\"col-inner\"  >\n\t\t\t\n\t\t\t\n\n\n\t\t<\/div>\n\t\t\t\t\t<\/div>\n\n\t\n\n<\/div>\n\n\t\t<\/div>\n\n\t\t\n<style>\n#section_1041281218 {\n  padding-top: 30px;\n  padding-bottom: 30px;\n  background-color: rgb(255,255,255);\n}\n<\/style>\n\t<\/section>\n\t\n\n","protected":false},"excerpt":{"rendered":"","protected":false},"author":10,"featured_media":850,"parent":0,"menu_order":0,"comment_status":"closed","ping_status":"closed","template":"","meta":{"footnotes":""},"class_list":["post-447","page","type-page","status-publish","has-post-thumbnail","hentry"],"yoast_head":"<!-- This site is optimized with the Yoast SEO plugin v27.1.1 - https:\/\/yoast.com\/product\/yoast-seo-wordpress\/ -->\n<title>Nos March\u00e9s - Cequad<\/title>\n<meta name=\"description\" content=\"Explorez les diff\u00e9rents march\u00e9s que Cequad dessert avec ses solutions en \u00e9lectronique et \u00e9lectrotechnique. D\u00e9couvrez comment notre expertise r\u00e9pond aux besoins sp\u00e9cifiques des secteurs industriels, m\u00e9dicaux, et bien plus encore\" \/>\n<meta name=\"robots\" content=\"index, follow, max-snippet:-1, max-image-preview:large, max-video-preview:-1\" \/>\n<link rel=\"canonical\" href=\"https:\/\/cequad.fr\/index.php\/nos-marches\/\" \/>\n<meta property=\"og:locale\" content=\"fr_FR\" \/>\n<meta property=\"og:type\" content=\"article\" \/>\n<meta property=\"og:title\" content=\"Nos March\u00e9s - Cequad\" \/>\n<meta property=\"og:description\" content=\"Explorez les diff\u00e9rents march\u00e9s que Cequad dessert avec ses solutions en \u00e9lectronique et \u00e9lectrotechnique. D\u00e9couvrez comment notre expertise r\u00e9pond aux besoins sp\u00e9cifiques des secteurs industriels, m\u00e9dicaux, et bien plus encore\" \/>\n<meta property=\"og:url\" content=\"https:\/\/cequad.fr\/index.php\/nos-marches\/\" \/>\n<meta property=\"og:site_name\" content=\"Cequad\" \/>\n<meta property=\"article:modified_time\" content=\"2025-05-26T14:21:07+00:00\" \/>\n<meta property=\"og:image\" content=\"https:\/\/cequad.fr\/wp-content\/uploads\/2023\/12\/AdobeStock_636471642-scaled.jpeg\" \/>\n\t<meta property=\"og:image:width\" content=\"2000\" \/>\n\t<meta property=\"og:image:height\" content=\"1121\" \/>\n\t<meta property=\"og:image:type\" content=\"image\/jpeg\" \/>\n<meta name=\"twitter:card\" content=\"summary_large_image\" \/>\n<meta name=\"twitter:label1\" content=\"Dur\u00e9e de lecture estim\u00e9e\" \/>\n\t<meta name=\"twitter:data1\" content=\"2 minutes\" \/>\n<script type=\"application\/ld+json\" class=\"yoast-schema-graph\">{\"@context\":\"https:\/\/schema.org\",\"@graph\":[{\"@type\":\"WebPage\",\"@id\":\"https:\/\/cequad.fr\/index.php\/nos-marches\/\",\"url\":\"https:\/\/cequad.fr\/index.php\/nos-marches\/\",\"name\":\"Nos March\u00e9s - Cequad\",\"isPartOf\":{\"@id\":\"http:\/\/cequad.fr\/#website\"},\"primaryImageOfPage\":{\"@id\":\"https:\/\/cequad.fr\/index.php\/nos-marches\/#primaryimage\"},\"image\":{\"@id\":\"https:\/\/cequad.fr\/index.php\/nos-marches\/#primaryimage\"},\"thumbnailUrl\":\"https:\/\/cequad.fr\/wp-content\/uploads\/2023\/12\/AdobeStock_636471642-scaled.jpeg\",\"datePublished\":\"2023-05-03T13:30:38+00:00\",\"dateModified\":\"2025-05-26T14:21:07+00:00\",\"description\":\"Explorez les diff\u00e9rents march\u00e9s que Cequad dessert avec ses solutions en \u00e9lectronique et \u00e9lectrotechnique. D\u00e9couvrez comment notre expertise r\u00e9pond aux besoins sp\u00e9cifiques des secteurs industriels, m\u00e9dicaux, et bien plus encore\",\"breadcrumb\":{\"@id\":\"https:\/\/cequad.fr\/index.php\/nos-marches\/#breadcrumb\"},\"inLanguage\":\"fr-FR\",\"potentialAction\":[{\"@type\":\"ReadAction\",\"target\":[\"https:\/\/cequad.fr\/index.php\/nos-marches\/\"]}]},{\"@type\":\"ImageObject\",\"inLanguage\":\"fr-FR\",\"@id\":\"https:\/\/cequad.fr\/index.php\/nos-marches\/#primaryimage\",\"url\":\"https:\/\/cequad.fr\/wp-content\/uploads\/2023\/12\/AdobeStock_636471642-scaled.jpeg\",\"contentUrl\":\"https:\/\/cequad.fr\/wp-content\/uploads\/2023\/12\/AdobeStock_636471642-scaled.jpeg\",\"width\":2000,\"height\":1121,\"caption\":\"Nos march\u00e9s - Cequad - Groupe Zekat\"},{\"@type\":\"BreadcrumbList\",\"@id\":\"https:\/\/cequad.fr\/index.php\/nos-marches\/#breadcrumb\",\"itemListElement\":[{\"@type\":\"ListItem\",\"position\":1,\"name\":\"Accueil\",\"item\":\"http:\/\/cequad.fr\/\"},{\"@type\":\"ListItem\",\"position\":2,\"name\":\"Nos March\u00e9s\"}]},{\"@type\":\"WebSite\",\"@id\":\"http:\/\/cequad.fr\/#website\",\"url\":\"http:\/\/cequad.fr\/\",\"name\":\"Cequad\",\"description\":\"Sp\u00e9cialiste des cartes et syst\u00e8mes \u00e9lectroniques et \u00e9lectrotechniques\",\"publisher\":{\"@id\":\"http:\/\/cequad.fr\/#organization\"},\"alternateName\":\"Cequad - Sp\u00e9cialiste des cartes et syst\u00e8mes \u00e9lectroniques et \u00e9lectrotechniques\",\"potentialAction\":[{\"@type\":\"SearchAction\",\"target\":{\"@type\":\"EntryPoint\",\"urlTemplate\":\"http:\/\/cequad.fr\/?s={search_term_string}\"},\"query-input\":{\"@type\":\"PropertyValueSpecification\",\"valueRequired\":true,\"valueName\":\"search_term_string\"}}],\"inLanguage\":\"fr-FR\"},{\"@type\":\"Organization\",\"@id\":\"http:\/\/cequad.fr\/#organization\",\"name\":\"Cequad\",\"url\":\"http:\/\/cequad.fr\/\",\"logo\":{\"@type\":\"ImageObject\",\"inLanguage\":\"fr-FR\",\"@id\":\"http:\/\/cequad.fr\/#\/schema\/logo\/image\/\",\"url\":\"http:\/\/cequad.fr\/wp-content\/uploads\/2023\/06\/Logo-Cequad-icon-blanc-casse-rouge.png\",\"contentUrl\":\"http:\/\/cequad.fr\/wp-content\/uploads\/2023\/06\/Logo-Cequad-icon-blanc-casse-rouge.png\",\"width\":975,\"height\":321,\"caption\":\"Cequad\"},\"image\":{\"@id\":\"http:\/\/cequad.fr\/#\/schema\/logo\/image\/\"}}]}<\/script>\n<!-- \/ Yoast SEO plugin. -->","yoast_head_json":{"title":"Nos March\u00e9s - Cequad","description":"Explorez les diff\u00e9rents march\u00e9s que Cequad dessert avec ses solutions en \u00e9lectronique et \u00e9lectrotechnique. D\u00e9couvrez comment notre expertise r\u00e9pond aux besoins sp\u00e9cifiques des secteurs industriels, m\u00e9dicaux, et bien plus encore","robots":{"index":"index","follow":"follow","max-snippet":"max-snippet:-1","max-image-preview":"max-image-preview:large","max-video-preview":"max-video-preview:-1"},"canonical":"https:\/\/cequad.fr\/index.php\/nos-marches\/","og_locale":"fr_FR","og_type":"article","og_title":"Nos March\u00e9s - Cequad","og_description":"Explorez les diff\u00e9rents march\u00e9s que Cequad dessert avec ses solutions en \u00e9lectronique et \u00e9lectrotechnique. D\u00e9couvrez comment notre expertise r\u00e9pond aux besoins sp\u00e9cifiques des secteurs industriels, m\u00e9dicaux, et bien plus encore","og_url":"https:\/\/cequad.fr\/index.php\/nos-marches\/","og_site_name":"Cequad","article_modified_time":"2025-05-26T14:21:07+00:00","og_image":[{"width":2000,"height":1121,"url":"https:\/\/cequad.fr\/wp-content\/uploads\/2023\/12\/AdobeStock_636471642-scaled.jpeg","type":"image\/jpeg"}],"twitter_card":"summary_large_image","twitter_misc":{"Dur\u00e9e de lecture estim\u00e9e":"2 minutes"},"schema":{"@context":"https:\/\/schema.org","@graph":[{"@type":"WebPage","@id":"https:\/\/cequad.fr\/index.php\/nos-marches\/","url":"https:\/\/cequad.fr\/index.php\/nos-marches\/","name":"Nos March\u00e9s - Cequad","isPartOf":{"@id":"http:\/\/cequad.fr\/#website"},"primaryImageOfPage":{"@id":"https:\/\/cequad.fr\/index.php\/nos-marches\/#primaryimage"},"image":{"@id":"https:\/\/cequad.fr\/index.php\/nos-marches\/#primaryimage"},"thumbnailUrl":"https:\/\/cequad.fr\/wp-content\/uploads\/2023\/12\/AdobeStock_636471642-scaled.jpeg","datePublished":"2023-05-03T13:30:38+00:00","dateModified":"2025-05-26T14:21:07+00:00","description":"Explorez les diff\u00e9rents march\u00e9s que Cequad dessert avec ses solutions en \u00e9lectronique et \u00e9lectrotechnique. D\u00e9couvrez comment notre expertise r\u00e9pond aux besoins sp\u00e9cifiques des secteurs industriels, m\u00e9dicaux, et bien plus encore","breadcrumb":{"@id":"https:\/\/cequad.fr\/index.php\/nos-marches\/#breadcrumb"},"inLanguage":"fr-FR","potentialAction":[{"@type":"ReadAction","target":["https:\/\/cequad.fr\/index.php\/nos-marches\/"]}]},{"@type":"ImageObject","inLanguage":"fr-FR","@id":"https:\/\/cequad.fr\/index.php\/nos-marches\/#primaryimage","url":"https:\/\/cequad.fr\/wp-content\/uploads\/2023\/12\/AdobeStock_636471642-scaled.jpeg","contentUrl":"https:\/\/cequad.fr\/wp-content\/uploads\/2023\/12\/AdobeStock_636471642-scaled.jpeg","width":2000,"height":1121,"caption":"Nos march\u00e9s - Cequad - Groupe Zekat"},{"@type":"BreadcrumbList","@id":"https:\/\/cequad.fr\/index.php\/nos-marches\/#breadcrumb","itemListElement":[{"@type":"ListItem","position":1,"name":"Accueil","item":"http:\/\/cequad.fr\/"},{"@type":"ListItem","position":2,"name":"Nos March\u00e9s"}]},{"@type":"WebSite","@id":"http:\/\/cequad.fr\/#website","url":"http:\/\/cequad.fr\/","name":"Cequad","description":"Sp\u00e9cialiste des cartes et syst\u00e8mes \u00e9lectroniques et \u00e9lectrotechniques","publisher":{"@id":"http:\/\/cequad.fr\/#organization"},"alternateName":"Cequad - Sp\u00e9cialiste des cartes et syst\u00e8mes \u00e9lectroniques et \u00e9lectrotechniques","potentialAction":[{"@type":"SearchAction","target":{"@type":"EntryPoint","urlTemplate":"http:\/\/cequad.fr\/?s={search_term_string}"},"query-input":{"@type":"PropertyValueSpecification","valueRequired":true,"valueName":"search_term_string"}}],"inLanguage":"fr-FR"},{"@type":"Organization","@id":"http:\/\/cequad.fr\/#organization","name":"Cequad","url":"http:\/\/cequad.fr\/","logo":{"@type":"ImageObject","inLanguage":"fr-FR","@id":"http:\/\/cequad.fr\/#\/schema\/logo\/image\/","url":"http:\/\/cequad.fr\/wp-content\/uploads\/2023\/06\/Logo-Cequad-icon-blanc-casse-rouge.png","contentUrl":"http:\/\/cequad.fr\/wp-content\/uploads\/2023\/06\/Logo-Cequad-icon-blanc-casse-rouge.png","width":975,"height":321,"caption":"Cequad"},"image":{"@id":"http:\/\/cequad.fr\/#\/schema\/logo\/image\/"}}]}},"_links":{"self":[{"href":"https:\/\/cequad.fr\/index.php\/wp-json\/wp\/v2\/pages\/447","targetHints":{"allow":["GET"]}}],"collection":[{"href":"https:\/\/cequad.fr\/index.php\/wp-json\/wp\/v2\/pages"}],"about":[{"href":"https:\/\/cequad.fr\/index.php\/wp-json\/wp\/v2\/types\/page"}],"author":[{"embeddable":true,"href":"https:\/\/cequad.fr\/index.php\/wp-json\/wp\/v2\/users\/10"}],"replies":[{"embeddable":true,"href":"https:\/\/cequad.fr\/index.php\/wp-json\/wp\/v2\/comments?post=447"}],"version-history":[{"count":13,"href":"https:\/\/cequad.fr\/index.php\/wp-json\/wp\/v2\/pages\/447\/revisions"}],"predecessor-version":[{"id":932,"href":"https:\/\/cequad.fr\/index.php\/wp-json\/wp\/v2\/pages\/447\/revisions\/932"}],"wp:featuredmedia":[{"embeddable":true,"href":"https:\/\/cequad.fr\/index.php\/wp-json\/wp\/v2\/media\/850"}],"wp:attachment":[{"href":"https:\/\/cequad.fr\/index.php\/wp-json\/wp\/v2\/media?parent=447"}],"curies":[{"name":"wp","href":"https:\/\/api.w.org\/{rel}","templated":true}]}}